{"id":117,"date":"2016-12-14T18:59:39","date_gmt":"2016-12-14T17:59:39","guid":{"rendered":"http:\/\/astrofima.ch\/?page_id=117"},"modified":"2016-12-14T19:07:11","modified_gmt":"2016-12-14T18:07:11","slug":"agb","status":"publish","type":"page","link":"https:\/\/astrofima.ch\/?page_id=117","title":{"rendered":"Impressum"},"content":{"rendered":"<div class=\"ce_text block\">\n<p><strong>Haftungshinweis<\/strong><br \/>\nDer Betreiber dieser Webseite \u00fcbernimmt keinerlei Gew\u00e4hr f\u00fcr de Aktualit\u00e4t. Haftungsanspr\u00fcchegegen\u00fcber den Betreiber dieser Webseite sind ausgeschlossen. Alle Angebote sind freibleibend undunverbindlich. Der Betreiber h\u00e4lt sich das Recht vor, ohne Ank\u00fcndigung das Angebot zu ver\u00e4ndern, l\u00f6schen oder einzustellen.<\/p>\n<p><strong>Verweise auf Links<\/strong><br \/>\nWir \u00fcbernehmen keine Haftung f\u00fcr die Inhalte externer Links. F\u00fcr den Inhalt der verlinkten Seiten\u00a0sind ausschlie\u00dflich deren Betreiber verantwortlich. Der Betreiber erkl\u00e4rt hiermit ausdr\u00fccklich, dass\u00a0zum Zeitpunkt der Linksetzung keine illegalen Inhalte auf den zu verlinkenden Seiten erkennbar waren<\/p>\n<p><strong>Urheberrecht<\/strong><br \/>\nDas Copyright f\u00fcr ver\u00f6ffentlichte, vom Betreiber erstellten Objekte bleibt allein beim Betreiber der\u00a0Seiten. Eine Vervielf\u00e4ltigung oder Verwendung solcher ist ohne ausdr\u00fcckliche Zustimmung des\u00a0Autors nicht gestattet.<\/p>\n<p><strong>Datenschutz<\/strong><br \/>\nDie Eingabe von pers\u00f6nlichen Daten auf dieser Webseite (Emailadressen, Namen und Anschriften) erfolgt ausdr\u00fccklich auf freiwilliger Basis. Rechtliche Schritte gegen die Versender von Spam-Mails sind ausdr\u00fccklich vorbehalten.<\/p>\n<p><strong>Rechtswirksamkeit dieses Haftungsausschlusses<\/strong><br \/>\nDieser Haftungsausschluss ist als Teil des Internetangebotes zu betrachten, von dem aus auf dieseSeite verwiesen wurde. Sofern Teile oder einzelne Formulierungen dieses Textes der geltendenRechtslage nicht, nicht mehr oder nicht vollst\u00e4ndig entsprechen sollten, bleiben die \u00fcbrigen Teiledes Dokumentes in ihrem Inhalt und ihrer G\u00fcltigkeit davon unber\u00fchrt.<\/p>\n<\/div>\n<div id=\"impressum\" class=\"ce_text block\">\n<p><strong>Webseiten Bertreiber:<br \/>\n<\/strong>Astrofima &#8211; hosted bei Novatrend<strong><br \/>\n<\/strong><br \/>\n<strong>Fax:<br \/>\n<\/strong>+41 61 863 11 14<\/p>\n<\/div>\n","protected":false},"excerpt":{"rendered":"<p>Haftungshinweis Der Betreiber dieser Webseite \u00fcbernimmt keinerlei Gew\u00e4hr f\u00fcr de Aktualit\u00e4t. Haftungsanspr\u00fcchegegen\u00fcber den Betreiber dieser Webseite sind ausgeschlossen. Alle Angebote sind freibleibend undunverbindlich. Der Betreiber h\u00e4lt sich das Recht vor, ohne Ank\u00fcndigung das Angebot zu ver\u00e4ndern, l\u00f6schen oder einzustellen. Verweise auf Links Wir \u00fcbernehmen keine Haftung f\u00fcr die Inhalte externer Links. F\u00fcr den Inhalt der &hellip; <a href=\"https:\/\/astrofima.ch\/?page_id=117\" class=\"more-link\"><span class=\"screen-reader-text\">Impressum<\/span> weiterlesen <span class=\"meta-nav\">&rarr;<\/span><\/a><\/p>\n","protected":false},"author":1,"featured_media":0,"parent":0,"menu_order":60,"comment_status":"closed","ping_status":"closed","template":"","meta":{"footnotes":""},"class_list":["post-117","page","type-page","status-publish","hentry"],"_links":{"self":[{"href":"https:\/\/astrofima.ch\/index.php?rest_route=\/wp\/v2\/pages\/117","targetHints":{"allow":["GET"]}}],"collection":[{"href":"https:\/\/astrofima.ch\/index.php?rest_route=\/wp\/v2\/pages"}],"about":[{"href":"https:\/\/astrofima.ch\/index.php?rest_route=\/wp\/v2\/types\/page"}],"author":[{"embeddable":true,"href":"https:\/\/astrofima.ch\/index.php?rest_route=\/wp\/v2\/users\/1"}],"replies":[{"embeddable":true,"href":"https:\/\/astrofima.ch\/index.php?rest_route=%2Fwp%2Fv2%2Fcomments&post=117"}],"version-history":[{"count":2,"href":"https:\/\/astrofima.ch\/index.php?rest_route=\/wp\/v2\/pages\/117\/revisions"}],"predecessor-version":[{"id":120,"href":"https:\/\/astrofima.ch\/index.php?rest_route=\/wp\/v2\/pages\/117\/revisions\/120"}],"wp:attachment":[{"href":"https:\/\/astrofima.ch\/index.php?rest_route=%2Fwp%2Fv2%2Fmedia&parent=117"}],"curies":[{"name":"wp","href":"https:\/\/api.w.org\/{rel}","templated":true}]}}